{"id":2601,"date":"2018-01-30T14:31:05","date_gmt":"2018-01-30T13:31:05","guid":{"rendered":"https:\/\/sono.si\/about\/"},"modified":"2018-03-07T15:31:35","modified_gmt":"2018-03-07T14:31:35","slug":"ueber-uns","status":"publish","type":"page","link":"https:\/\/sono.si\/de\/ueber-uns\/","title":{"rendered":"Eine moderne<br> interpretation<br> <span>der<\/span><br> architektur"},"content":{"rendered":"<p>SoNo Architekten hat eine neue junge Generation des slowenischen Architekten verbunden um eine moderne, hochwertige Architektur zu erstellen. Die ist durch eine Mischung aus Architekturtheorie, Studien und Forschungsstandorte, Innovation und Erprobung neuer Materialien und Konstruktionsmethoden gekennzeichnet.<\/p>\n<p>Unsere typische Architektur ist eine komplexe, unkonventionelle Struktur, die so gut wie m\u00f6glich in die Landschaft gesetzt werden und identifiziert die W\u00fcnsche und Bed\u00fcrfnisse des Kunden w\u00e4hrend die alle nat\u00fcrliche Ressourcen genutzt werden. Alle werden in die innovativen L\u00f6sungen der unseren Grundrisse reflektiert.<\/p>\n","protected":false},"excerpt":{"rendered":"<p>SoNo Architekten hat eine neue junge Generation des slowenischen Architekten verbunden um eine moderne, hochwertige Architektur zu erstellen. Die ist durch eine Mischung aus Architekturtheorie, Studien und Forschungsstandorte, Innovation und &#8230;<\/p>\n","protected":false},"author":1,"featured_media":4286,"parent":0,"menu_order":4,"comment_status":"closed","ping_status":"closed","template":"tpl-about.php","meta":{"footnotes":""},"acf":[],"yoast_head":"<!-- This site is optimized with the Yoast SEO plugin v21.4 - https:\/\/yoast.com\/wordpress\/plugins\/seo\/ -->\n<title>SoNo Architects - Eine moderne interpretation der architektur<\/title>\n<meta name=\"robots\" content=\"index, follow, max-snippet:-1, max-image-preview:large, max-video-preview:-1\" \/>\n<link rel=\"canonical\" href=\"https:\/\/sono.si\/de\/ueber-uns\/\" \/>\n<meta property=\"og:locale\" content=\"de_DE\" \/>\n<meta property=\"og:type\" content=\"article\" \/>\n<meta property=\"og:title\" content=\"SoNo Architects - Eine moderne interpretation der architektur\" \/>\n<meta property=\"og:description\" content=\"SoNo Architekten hat eine neue junge Generation des slowenischen Architekten verbunden um eine moderne, hochwertige Architektur zu erstellen. Die ist durch eine Mischung aus Architekturtheorie, Studien und Forschungsstandorte, Innovation und ...\" \/>\n<meta property=\"og:url\" content=\"https:\/\/sono.si\/de\/ueber-uns\/\" \/>\n<meta property=\"og:site_name\" content=\"SoNo Architektur\" \/>\n<meta property=\"article:modified_time\" content=\"2018-03-07T14:31:35+00:00\" \/>\n<meta property=\"og:image\" content=\"https:\/\/sono.si\/wp-content\/uploads\/2016\/07\/Sono_arhitekti_house_xl-8.jpg\" \/>\n\t<meta property=\"og:image:width\" content=\"1920\" \/>\n\t<meta property=\"og:image:height\" content=\"1097\" \/>\n\t<meta property=\"og:image:type\" content=\"image\/jpeg\" \/>\n<meta name=\"twitter:card\" content=\"summary_large_image\" \/>\n<script type=\"application\/ld+json\" class=\"yoast-schema-graph\">{\"@context\":\"https:\/\/schema.org\",\"@graph\":[{\"@type\":\"WebPage\",\"@id\":\"https:\/\/sono.si\/de\/ueber-uns\/\",\"url\":\"https:\/\/sono.si\/de\/ueber-uns\/\",\"name\":\"SoNo Architects - Eine moderne interpretation der architektur\",\"isPartOf\":{\"@id\":\"https:\/\/sono.si\/#website\"},\"datePublished\":\"2018-01-30T13:31:05+00:00\",\"dateModified\":\"2018-03-07T14:31:35+00:00\",\"breadcrumb\":{\"@id\":\"https:\/\/sono.si\/de\/ueber-uns\/#breadcrumb\"},\"inLanguage\":\"de-DE\",\"potentialAction\":[{\"@type\":\"ReadAction\",\"target\":[\"https:\/\/sono.si\/de\/ueber-uns\/\"]}]},{\"@type\":\"BreadcrumbList\",\"@id\":\"https:\/\/sono.si\/de\/ueber-uns\/#breadcrumb\",\"itemListElement\":[{\"@type\":\"ListItem\",\"position\":1,\"name\":\"Home\",\"item\":\"https:\/\/sono.si\/de\/\"},{\"@type\":\"ListItem\",\"position\":2,\"name\":\"Eine moderne interpretation der architektur\"}]},{\"@type\":\"WebSite\",\"@id\":\"https:\/\/sono.si\/#website\",\"url\":\"https:\/\/sono.si\/\",\"name\":\"SoNo Architektur\",\"description\":\"Architectural bureau\",\"potentialAction\":[{\"@type\":\"SearchAction\",\"target\":{\"@type\":\"EntryPoint\",\"urlTemplate\":\"https:\/\/sono.si\/?s={search_term_string}\"},\"query-input\":\"required name=search_term_string\"}],\"inLanguage\":\"de-DE\"}]}<\/script>\n<!-- \/ Yoast SEO plugin. -->","yoast_head_json":{"title":"SoNo Architects - Eine moderne interpretation der architektur","robots":{"index":"index","follow":"follow","max-snippet":"max-snippet:-1","max-image-preview":"max-image-preview:large","max-video-preview":"max-video-preview:-1"},"canonical":"https:\/\/sono.si\/de\/ueber-uns\/","og_locale":"de_DE","og_type":"article","og_title":"SoNo Architects - Eine moderne interpretation der architektur","og_description":"SoNo Architekten hat eine neue junge Generation des slowenischen Architekten verbunden um eine moderne, hochwertige Architektur zu erstellen. Die ist durch eine Mischung aus Architekturtheorie, Studien und Forschungsstandorte, Innovation und ...","og_url":"https:\/\/sono.si\/de\/ueber-uns\/","og_site_name":"SoNo Architektur","article_modified_time":"2018-03-07T14:31:35+00:00","og_image":[{"width":1920,"height":1097,"url":"https:\/\/sono.si\/wp-content\/uploads\/2016\/07\/Sono_arhitekti_house_xl-8.jpg","type":"image\/jpeg"}],"twitter_card":"summary_large_image","schema":{"@context":"https:\/\/schema.org","@graph":[{"@type":"WebPage","@id":"https:\/\/sono.si\/de\/ueber-uns\/","url":"https:\/\/sono.si\/de\/ueber-uns\/","name":"SoNo Architects - Eine moderne interpretation der architektur","isPartOf":{"@id":"https:\/\/sono.si\/#website"},"datePublished":"2018-01-30T13:31:05+00:00","dateModified":"2018-03-07T14:31:35+00:00","breadcrumb":{"@id":"https:\/\/sono.si\/de\/ueber-uns\/#breadcrumb"},"inLanguage":"de-DE","potentialAction":[{"@type":"ReadAction","target":["https:\/\/sono.si\/de\/ueber-uns\/"]}]},{"@type":"BreadcrumbList","@id":"https:\/\/sono.si\/de\/ueber-uns\/#breadcrumb","itemListElement":[{"@type":"ListItem","position":1,"name":"Home","item":"https:\/\/sono.si\/de\/"},{"@type":"ListItem","position":2,"name":"Eine moderne interpretation der architektur"}]},{"@type":"WebSite","@id":"https:\/\/sono.si\/#website","url":"https:\/\/sono.si\/","name":"SoNo Architektur","description":"Architectural bureau","potentialAction":[{"@type":"SearchAction","target":{"@type":"EntryPoint","urlTemplate":"https:\/\/sono.si\/?s={search_term_string}"},"query-input":"required name=search_term_string"}],"inLanguage":"de-DE"}]}},"_links":{"self":[{"href":"https:\/\/sono.si\/de\/wp-json\/wp\/v2\/pages\/2601"}],"collection":[{"href":"https:\/\/sono.si\/de\/wp-json\/wp\/v2\/pages"}],"about":[{"href":"https:\/\/sono.si\/de\/wp-json\/wp\/v2\/types\/page"}],"author":[{"embeddable":true,"href":"https:\/\/sono.si\/de\/wp-json\/wp\/v2\/users\/1"}],"replies":[{"embeddable":true,"href":"https:\/\/sono.si\/de\/wp-json\/wp\/v2\/comments?post=2601"}],"version-history":[{"count":4,"href":"https:\/\/sono.si\/de\/wp-json\/wp\/v2\/pages\/2601\/revisions"}],"predecessor-version":[{"id":5742,"href":"https:\/\/sono.si\/de\/wp-json\/wp\/v2\/pages\/2601\/revisions\/5742"}],"wp:featuredmedia":[{"embeddable":true,"href":"https:\/\/sono.si\/de\/wp-json\/wp\/v2\/media\/4286"}],"wp:attachment":[{"href":"https:\/\/sono.si\/de\/wp-json\/wp\/v2\/media?parent=2601"}],"curies":[{"name":"wp","href":"https:\/\/api.w.org\/{rel}","templated":true}]}}